{"id":255,"date":"2025-08-17T11:29:00","date_gmt":"2025-08-17T11:29:00","guid":{"rendered":"https:\/\/lafermedes4chemins.fr\/?page_id=255"},"modified":"2026-03-23T18:30:18","modified_gmt":"2026-03-23T17:30:18","slug":"informations-pratiques","status":"publish","type":"page","link":"https:\/\/lafermedes4chemins.fr\/?page_id=255","title":{"rendered":"O\u00f9 retrouver nos produits"},"content":{"rendered":"\n<div class=\"wp-block-group alignfull has-background-background-color has-background has-global-padding is-layout-constrained wp-container-core-group-is-layout-7276a2bb wp-block-group-is-layout-constrained\" style=\"margin-top:0;margin-bottom:0;padding-top:var(--wp--preset--spacing--60);padding-right:var(--wp--preset--spacing--30);padding-bottom:var(--wp--preset--spacing--60);padding-left:var(--wp--preset--spacing--30)\">\n<div class=\"wp-block-columns alignwide is-layout-flex wp-container-core-columns-is-layout-fa584acd wp-block-columns-is-layout-flex\">\n<div class=\"wp-block-column is-layout-flow wp-block-column-is-layout-flow\" style=\"flex-basis:50%\">\n<div class=\"wp-block-group has-global-padding is-layout-constrained wp-block-group-is-layout-constrained\" style=\"margin-bottom:var(--wp--preset--spacing--40)\">\n<h2 class=\"wp-block-heading has-large-font-size\">\ud83d\udce9&nbsp;Contactez-nous !<\/h2>\n\n\n\n<p style=\"margin-top:1rem\"><br>Une question, une commande ou simplement l\u2019envie d\u2019\u00e9changer avec nous ?<br>N\u2019h\u00e9sitez pas \u00e0 nous \u00e9crire par e-mail \u00e0&nbsp;<strong><a>lafermedes4chemins@gmail.com<\/a><\/strong>&nbsp;ou \u00e0 nous appeler au&nbsp;<strong>\ud83d\udcde<\/strong> : <strong>06 22 53 87 85<\/strong>.<\/p>\n\n\n\n<p style=\"margin-top:1rem\"><br><\/p>\n<\/div>\n<\/div>\n\n\n\n<div class=\"wp-block-column is-layout-flow wp-block-column-is-layout-flow\" style=\"flex-basis:50%\">\n<figure class=\"wp-block-image size-large\"><img loading=\"lazy\" decoding=\"async\" width=\"1024\" height=\"768\" src=\"https:\/\/lafermedes4chemins.fr\/wp-content\/uploads\/2025\/08\/298987937_2119075431607755_3728730492656353677_n-1024x768.jpg\" alt=\"\" class=\"wp-image-256\" srcset=\"https:\/\/lafermedes4chemins.fr\/wp-content\/uploads\/2025\/08\/298987937_2119075431607755_3728730492656353677_n-1024x768.jpg 1024w, https:\/\/lafermedes4chemins.fr\/wp-content\/uploads\/2025\/08\/298987937_2119075431607755_3728730492656353677_n-300x225.jpg 300w, https:\/\/lafermedes4chemins.fr\/wp-content\/uploads\/2025\/08\/298987937_2119075431607755_3728730492656353677_n-768x576.jpg 768w, https:\/\/lafermedes4chemins.fr\/wp-content\/uploads\/2025\/08\/298987937_2119075431607755_3728730492656353677_n-1536x1152.jpg 1536w, https:\/\/lafermedes4chemins.fr\/wp-content\/uploads\/2025\/08\/298987937_2119075431607755_3728730492656353677_n-600x450.jpg 600w, https:\/\/lafermedes4chemins.fr\/wp-content\/uploads\/2025\/08\/298987937_2119075431607755_3728730492656353677_n.jpg 2048w\" sizes=\"auto, (max-width: 1024px) 100vw, 1024px\" \/><\/figure>\n<\/div>\n<\/div>\n<\/div>\n\n\n\n<div class=\"wp-block-group alignfull has-tertiary-background-color has-background has-global-padding is-layout-constrained wp-container-core-group-is-layout-7276a2bb wp-block-group-is-layout-constrained\" style=\"margin-top:0;margin-bottom:0;padding-top:var(--wp--preset--spacing--60);padding-right:var(--wp--preset--spacing--30);padding-bottom:var(--wp--preset--spacing--60);padding-left:var(--wp--preset--spacing--30)\">\n<div class=\"wp-block-group alignwide is-vertical is-layout-flex wp-container-core-group-is-layout-fe9cc265 wp-block-group-is-layout-flex\">\n<div class=\"wp-block-group alignwide has-global-padding is-content-justification-left is-layout-constrained wp-container-core-group-is-layout-8b4c372c wp-block-group-is-layout-constrained\">\n<h2 class=\"wp-block-heading has-large-font-size\">Nos lieux et zones de distribution<\/h2>\n\n\n\n<p style=\"margin-top:16px\">Retrouvez ici un aper\u00e7u rapide des lieux o\u00f9 nous sommes pr\u00e9sents.<\/p>\n<\/div>\n<\/div>\n\n\n\n<div class=\"wp-block-columns alignwide is-layout-flex wp-container-core-columns-is-layout-08c01c1c wp-block-columns-is-layout-flex\">\n<div class=\"wp-block-column is-layout-flow wp-container-core-column-is-layout-119bc444 wp-block-column-is-layout-flow\">\n<div class=\"wp-block-media-text is-stacked-on-mobile is-image-fill-element\" style=\"grid-template-columns:40% auto\"><figure class=\"wp-block-media-text__media\"><img loading=\"lazy\" decoding=\"async\" width=\"1015\" height=\"1440\" src=\"https:\/\/lafermedes4chemins.fr\/wp-content\/uploads\/2025\/08\/3f48e905b7670a19910628f48c53486897982d63.jpg\" alt=\"\" class=\"wp-image-260 size-full\" style=\"object-position:50% 50%\" srcset=\"https:\/\/lafermedes4chemins.fr\/wp-content\/uploads\/2025\/08\/3f48e905b7670a19910628f48c53486897982d63.jpg 1015w, https:\/\/lafermedes4chemins.fr\/wp-content\/uploads\/2025\/08\/3f48e905b7670a19910628f48c53486897982d63-211x300.jpg 211w, https:\/\/lafermedes4chemins.fr\/wp-content\/uploads\/2025\/08\/3f48e905b7670a19910628f48c53486897982d63-722x1024.jpg 722w, https:\/\/lafermedes4chemins.fr\/wp-content\/uploads\/2025\/08\/3f48e905b7670a19910628f48c53486897982d63-768x1090.jpg 768w, https:\/\/lafermedes4chemins.fr\/wp-content\/uploads\/2025\/08\/3f48e905b7670a19910628f48c53486897982d63-600x851.jpg 600w\" sizes=\"auto, (max-width: 1015px) 100vw, 1015px\" \/><\/figure><div class=\"wp-block-media-text__content\">\n<div class=\"wp-block-group has-global-padding is-layout-constrained wp-block-group-is-layout-constrained\" style=\"padding-top:var(--wp--preset--spacing--30);padding-bottom:var(--wp--preset--spacing--30)\">\n<h3 class=\"wp-block-heading\" style=\"font-size:clamp(1.119rem, 1.119rem + ((1vw - 0.2rem) * 1.052), 1.75rem);line-height:1.5\">Magasin \u00e0 la ferme<\/h3>\n\n\n\n<p class=\"has-small-font-size\" style=\"margin-top:12px\">Retrouver toute notre gamme de produit \u00e0 la ferme. Nous sommes ouverts les vendredi de 9h \u00e0 18h et les samedi de 9h \u00e0 17h.<\/p>\n<\/div>\n<\/div><\/div>\n\n\n\n<div class=\"wp-block-media-text is-stacked-on-mobile is-image-fill-element\" style=\"grid-template-columns:33% auto\"><figure class=\"wp-block-media-text__media\"><img loading=\"lazy\" decoding=\"async\" width=\"1042\" height=\"1440\" src=\"https:\/\/lafermedes4chemins.fr\/wp-content\/uploads\/2025\/08\/c0f759b31488fca116112e02096846bcdd8e9bcf.jpg\" alt=\"\" class=\"wp-image-261 size-full\" style=\"object-position:50% 50%\" srcset=\"https:\/\/lafermedes4chemins.fr\/wp-content\/uploads\/2025\/08\/c0f759b31488fca116112e02096846bcdd8e9bcf.jpg 1042w, https:\/\/lafermedes4chemins.fr\/wp-content\/uploads\/2025\/08\/c0f759b31488fca116112e02096846bcdd8e9bcf-217x300.jpg 217w, https:\/\/lafermedes4chemins.fr\/wp-content\/uploads\/2025\/08\/c0f759b31488fca116112e02096846bcdd8e9bcf-741x1024.jpg 741w, https:\/\/lafermedes4chemins.fr\/wp-content\/uploads\/2025\/08\/c0f759b31488fca116112e02096846bcdd8e9bcf-768x1061.jpg 768w, https:\/\/lafermedes4chemins.fr\/wp-content\/uploads\/2025\/08\/c0f759b31488fca116112e02096846bcdd8e9bcf-600x829.jpg 600w\" sizes=\"auto, (max-width: 1042px) 100vw, 1042px\" \/><\/figure><div class=\"wp-block-media-text__content\">\n<div class=\"wp-block-group has-global-padding is-layout-constrained wp-block-group-is-layout-constrained\" style=\"padding-top:var(--wp--preset--spacing--30);padding-bottom:var(--wp--preset--spacing--30)\">\n<h3 class=\"wp-block-heading\" style=\"font-size:clamp(1.119rem, 1.119rem + ((1vw - 0.2rem) * 1.052), 1.75rem);line-height:1.5\">Magasin ext\u00e9rieur : <\/h3>\n\n\n\n<ul class=\"wp-block-list\">\n<li><a href=\"https:\/\/talentsdefermes.com\" title=\"https:\/\/talentsdefermes.com\">Talents de ferme<\/a><\/li>\n\n\n\n<li>Au Rond Point fermier<\/li>\n\n\n\n<li>Com \u00e0 la ferme<\/li>\n\n\n\n<li>Au Panier vert<\/li>\n\n\n\n<li>Cot\u00e9 ferme<\/li>\n\n\n\n<li>EARL Fache<\/li>\n\n\n\n<li>La cueillette de Hoymille<\/li>\n\n\n\n<li>Le potager de la tente verte<\/li>\n\n\n\n<li>Carrefour contact (CASSEL)<\/li>\n\n\n\n<li>Plaisir fra\u00eecheur<\/li>\n\n\n\n<li>Proxi (REXPOEDE)<\/li>\n<\/ul>\n\n\n\n<p><\/p>\n\n\n\n<p><\/p>\n<\/div>\n<\/div><\/div>\n<\/div>\n\n\n\n<div class=\"wp-block-column is-layout-flow wp-container-core-column-is-layout-119bc444 wp-block-column-is-layout-flow\">\n<div class=\"wp-block-media-text is-stacked-on-mobile is-image-fill-element\" style=\"grid-template-columns:40% auto\"><figure class=\"wp-block-media-text__media\"><img loading=\"lazy\" decoding=\"async\" width=\"960\" height=\"1440\" src=\"https:\/\/lafermedes4chemins.fr\/wp-content\/uploads\/2025\/08\/a3861afe5f0b78e278d69d9229d35c05b7946246.jpg\" alt=\"\" class=\"wp-image-262 size-full\" style=\"object-position:50% 50%\" srcset=\"https:\/\/lafermedes4chemins.fr\/wp-content\/uploads\/2025\/08\/a3861afe5f0b78e278d69d9229d35c05b7946246.jpg 960w, https:\/\/lafermedes4chemins.fr\/wp-content\/uploads\/2025\/08\/a3861afe5f0b78e278d69d9229d35c05b7946246-200x300.jpg 200w, https:\/\/lafermedes4chemins.fr\/wp-content\/uploads\/2025\/08\/a3861afe5f0b78e278d69d9229d35c05b7946246-683x1024.jpg 683w, https:\/\/lafermedes4chemins.fr\/wp-content\/uploads\/2025\/08\/a3861afe5f0b78e278d69d9229d35c05b7946246-768x1152.jpg 768w, https:\/\/lafermedes4chemins.fr\/wp-content\/uploads\/2025\/08\/a3861afe5f0b78e278d69d9229d35c05b7946246-600x900.jpg 600w\" sizes=\"auto, (max-width: 960px) 100vw, 960px\" \/><\/figure><div class=\"wp-block-media-text__content\">\n<div class=\"wp-block-group has-global-padding is-layout-constrained wp-block-group-is-layout-constrained\" style=\"padding-top:var(--wp--preset--spacing--30);padding-bottom:var(--wp--preset--spacing--30)\">\n<h3 class=\"wp-block-heading\" style=\"font-size:clamp(1.119rem, 1.119rem + ((1vw - 0.2rem) * 1.052), 1.75rem);line-height:1.5\">March\u00e9 local : DUNKERQUE<\/h3>\n\n\n\n<p class=\"has-small-font-size\" style=\"margin-top:12px\">Nous sommes pr\u00e9sents tous les samedi matin sur le march\u00e9 de Dunkerque<\/p>\n<\/div>\n<\/div><\/div>\n\n\n\n<div class=\"wp-block-media-text is-stacked-on-mobile is-image-fill-element\" style=\"grid-template-columns:38% auto\"><figure class=\"wp-block-media-text__media\"><img loading=\"lazy\" decoding=\"async\" width=\"960\" height=\"1440\" src=\"https:\/\/lafermedes4chemins.fr\/wp-content\/uploads\/2025\/08\/bff6b579abebe8732922e8e833e59a230e18195b.jpg\" alt=\"\" class=\"wp-image-263 size-full\" style=\"object-position:50% 50%\" srcset=\"https:\/\/lafermedes4chemins.fr\/wp-content\/uploads\/2025\/08\/bff6b579abebe8732922e8e833e59a230e18195b.jpg 960w, https:\/\/lafermedes4chemins.fr\/wp-content\/uploads\/2025\/08\/bff6b579abebe8732922e8e833e59a230e18195b-200x300.jpg 200w, https:\/\/lafermedes4chemins.fr\/wp-content\/uploads\/2025\/08\/bff6b579abebe8732922e8e833e59a230e18195b-683x1024.jpg 683w, https:\/\/lafermedes4chemins.fr\/wp-content\/uploads\/2025\/08\/bff6b579abebe8732922e8e833e59a230e18195b-768x1152.jpg 768w, https:\/\/lafermedes4chemins.fr\/wp-content\/uploads\/2025\/08\/bff6b579abebe8732922e8e833e59a230e18195b-600x900.jpg 600w\" sizes=\"auto, (max-width: 960px) 100vw, 960px\" \/><\/figure><div class=\"wp-block-media-text__content\">\n<div class=\"wp-block-group has-global-padding is-layout-constrained wp-block-group-is-layout-constrained\" style=\"padding-top:var(--wp--preset--spacing--30);padding-bottom:var(--wp--preset--spacing--30)\">\n<h3 class=\"wp-block-heading\" style=\"font-size:clamp(1.119rem, 1.119rem + ((1vw - 0.2rem) * 1.052), 1.75rem);line-height:1.5\">Distributeur automatique<\/h3>\n\n\n\n<ul class=\"wp-block-list\">\n<li>Terferme (TERDEGHEM)La table fermi\u00e8re (ISBERGUES)<\/li>\n\n\n\n<li>Ferme DESCHODT (HONDEGHEM)<\/li>\n\n\n\n<li>Les Casiers du Paradis (SERVINS)<\/li>\n<\/ul>\n<\/div>\n<\/div><\/div>\n<\/div>\n<\/div>\n<\/div>\n\n\n\n<div class=\"wp-block-group alignfull has-background-background-color has-background has-global-padding is-layout-constrained wp-container-core-group-is-layout-7276a2bb wp-block-group-is-layout-constrained\" style=\"margin-top:0;margin-bottom:0;padding-top:var(--wp--preset--spacing--60);padding-right:var(--wp--preset--spacing--30);padding-bottom:var(--wp--preset--spacing--60);padding-left:var(--wp--preset--spacing--30)\">\n<div class=\"wp-block-group alignwide is-content-justification-space-between is-layout-flex wp-container-core-group-is-layout-9366075c wp-block-group-is-layout-flex\">\n<div class=\"wp-block-group has-global-padding is-layout-constrained wp-block-group-is-layout-constrained\">\n<h2 class=\"wp-block-heading has-large-font-size\">                                          R\u00c9CAPITULATIF : <\/h2>\n\n\n\n<p style=\"margin-top:16px\">\ud83d\udd52&nbsp;<strong>Horaires<\/strong><\/p>\n\n\n\n<ul class=\"wp-block-list\">\n<li>Vendredi : 9h \u2013 12h30 et 13h30 \u201318h<\/li>\n\n\n\n<li>Samedi : 9h \u2013 14h<\/li>\n<\/ul>\n\n\n\n<p>\ud83d\udccd&nbsp;<strong>O\u00f9 nous trouver ?<\/strong><br>724, Route de Cassel<br>59670 Sainte-Marie-Cappel<br>\ud83d\udc49 Pr\u00e9sents aussi sur le&nbsp;<strong>march\u00e9 de Dunkerque<\/strong>&nbsp;le samedi matin.<\/p>\n\n\n\n<p>\ud83d\udcb3&nbsp;<strong>Moyens de paiement<\/strong><br>Esp\u00e8ces ou ch\u00e8que.<\/p>\n\n\n\n<p>\ud83d\ude97&nbsp;<strong>Acc\u00e8s &amp; stationnement<\/strong><br>Un parking est \u00e0 votre disposition directement \u00e0 la ferme.<\/p>\n\n\n\n<p>\ud83d\udce6&nbsp;<strong>Commandes<\/strong><br>Vous pouvez passer commande par t\u00e9l\u00e9phone ou par e-mail, et venir retirer vos produits \u00e0 la ferme ou au march\u00e9.<\/p>\n\n\n\n<p style=\"margin-top:16px\">\ud83d\udcf2&nbsp;<strong>Suivez-nous<\/strong><br>Retrouvez toutes nos actualit\u00e9s et nos id\u00e9es recettes sur&nbsp;<strong>Facebook<\/strong>&nbsp;!<\/p>\n<\/div>\n<\/div>\n<\/div>\n","protected":false},"excerpt":{"rendered":"<p>\ud83d\udce9&nbsp;Contactez-nous ! Une question, une commande ou simplement l\u2019envie d\u2019\u00e9changer avec nous ?N\u2019h\u00e9sitez pas \u00e0 nous \u00e9crire par e-mail \u00e0&nbsp;lafermedes4chemins@gmail.com&nbsp;ou \u00e0 nous appeler au&nbsp;\ud83d\udcde : 06 22 53 87 85. Nos lieux et zones de distribution Retrouvez ici un aper\u00e7u rapide des lieux o\u00f9 nous sommes pr\u00e9sents. Magasin \u00e0 la ferme Retrouver toute notre gamme [&hellip;]<\/p>\n","protected":false},"author":1,"featured_media":0,"parent":0,"menu_order":0,"comment_status":"closed","ping_status":"closed","template":"page-with-title","meta":{"om_disable_all_campaigns":false,"_monsterinsights_skip_tracking":false,"_monsterinsights_sitenote_active":false,"_monsterinsights_sitenote_note":"","_monsterinsights_sitenote_category":0,"footnotes":""},"class_list":["post-255","page","type-page","status-publish","hentry"],"aioseo_notices":[],"jetpack_sharing_enabled":true,"_links":{"self":[{"href":"https:\/\/lafermedes4chemins.fr\/index.php?rest_route=\/wp\/v2\/pages\/255","targetHints":{"allow":["GET"]}}],"collection":[{"href":"https:\/\/lafermedes4chemins.fr\/index.php?rest_route=\/wp\/v2\/pages"}],"about":[{"href":"https:\/\/lafermedes4chemins.fr\/index.php?rest_route=\/wp\/v2\/types\/page"}],"author":[{"embeddable":true,"href":"https:\/\/lafermedes4chemins.fr\/index.php?rest_route=\/wp\/v2\/users\/1"}],"replies":[{"embeddable":true,"href":"https:\/\/lafermedes4chemins.fr\/index.php?rest_route=%2Fwp%2Fv2%2Fcomments&post=255"}],"version-history":[{"count":5,"href":"https:\/\/lafermedes4chemins.fr\/index.php?rest_route=\/wp\/v2\/pages\/255\/revisions"}],"predecessor-version":[{"id":383,"href":"https:\/\/lafermedes4chemins.fr\/index.php?rest_route=\/wp\/v2\/pages\/255\/revisions\/383"}],"wp:attachment":[{"href":"https:\/\/lafermedes4chemins.fr\/index.php?rest_route=%2Fwp%2Fv2%2Fmedia&parent=255"}],"curies":[{"name":"wp","href":"https:\/\/api.w.org\/{rel}","templated":true}]}}